{"id":10962,"date":"2024-07-25T14:21:51","date_gmt":"2024-07-25T14:21:51","guid":{"rendered":"https:\/\/romanticbags.com\/?page_id=10962"},"modified":"2024-07-25T14:22:16","modified_gmt":"2024-07-25T14:22:16","slug":"blog","status":"publish","type":"page","link":"https:\/\/romanticbags.com\/fr\/blog\/","title":{"rendered":"Blog"},"content":{"rendered":"<div data-elementor-type=\"wp-page\" data-elementor-id=\"10962\" class=\"elementor elementor-10962\" data-elementor-post-type=\"page\">\n\t\t\t\t\t\t<section class=\"elementor-section elementor-top-section elementor-element elementor-element-08c904b elementor-section-full_width elementor-section-height-default elementor-section-height-default\" data-id=\"08c904b\" data-element_type=\"section\" data-settings=\"{&quot;background_background&quot;:&quot;slideshow&quot;,&quot;background_slideshow_gallery&quot;:[],&quot;background_slideshow_loop&quot;:&quot;yes&quot;,&quot;background_slideshow_slide_duration&quot;:5000,&quot;background_slideshow_slide_transition&quot;:&quot;fade&quot;,&quot;background_slideshow_transition_duration&quot;:500}\">\n\t\t\t\t\t\t<div class=\"elementor-container elementor-column-gap-no\">\n\t\t\t\t\t<div class=\"elementor-column elementor-col-100 elementor-top-column elementor-element elementor-element-2aad58a\" data-id=\"2aad58a\" data-element_type=\"column\">\n\t\t\t<div class=\"elementor-widget-wrap elementor-element-populated\">\n\t\t\t\t\t\t<section class=\"elementor-section elementor-inner-section elementor-element elementor-element-819cd1a elementor-section-boxed elementor-section-height-default elementor-section-height-default\" data-id=\"819cd1a\" data-element_type=\"section\">\n\t\t\t\t\t\t<div class=\"elementor-container elementor-column-gap-wide\">\n\t\t\t\t\t<div class=\"elementor-column elementor-col-100 elementor-inner-column elementor-element elementor-element-d828661\" data-id=\"d828661\" data-element_type=\"column\">\n\t\t\t<div class=\"elementor-widget-wrap\">\n\t\t\t\t\t\t\t<\/div>\n\t\t<\/div>\n\t\t\t\t\t<\/div>\n\t\t<\/section>\n\t\t\t\t<section class=\"elementor-section elementor-inner-section elementor-element elementor-element-874f58b elementor-section-full_width elementor-section-height-min-height elementor-section-height-default\" data-id=\"874f58b\" data-element_type=\"section\" data-settings=\"{&quot;background_background&quot;:&quot;classic&quot;}\">\n\t\t\t\t\t\t\t<div class=\"elementor-background-overlay\"><\/div>\n\t\t\t\t\t\t\t<div class=\"elementor-container elementor-column-gap-wide\">\n\t\t\t\t\t<div class=\"elementor-column elementor-col-100 elementor-inner-column elementor-element elementor-element-f9f06f2\" data-id=\"f9f06f2\" data-element_type=\"column\" data-settings=\"{&quot;background_background&quot;:&quot;classic&quot;}\">\n\t\t\t<div class=\"elementor-widget-wrap elementor-element-populated\">\n\t\t\t\t\t<div class=\"elementor-background-overlay\"><\/div>\n\t\t\t\t\t\t<div class=\"elementor-element elementor-element-04d0aa2 elementor-widget elementor-widget-heading\" data-id=\"04d0aa2\" data-element_type=\"widget\" data-widget_type=\"heading.default\">\n\t\t\t\t<div class=\"elementor-widget-container\">\n\t\t\t<style>\/*! elementor - v3.21.0 - 20-05-2024 *\/\n.elementor-heading-title{padding:0;margin:0;line-height:1}.elementor-widget-heading .elementor-heading-title[class*=elementor-size-]>a{color:inherit;font-size:inherit;line-height:inherit}.elementor-widget-heading .elementor-heading-title.elementor-size-small{font-size:15px}.elementor-widget-heading .elementor-heading-title.elementor-size-medium{font-size:19px}.elementor-widget-heading .elementor-heading-title.elementor-size-large{font-size:29px}.elementor-widget-heading .elementor-heading-title.elementor-size-xl{font-size:39px}.elementor-widget-heading .elementor-heading-title.elementor-size-xxl{font-size:59px}<\/style><h1 class=\"elementor-heading-title elementor-size-default\">Blogues<\/h1>\t\t<\/div>\n\t\t\t\t<\/div>\n\t\t\t\t\t<\/div>\n\t\t<\/div>\n\t\t\t\t\t<\/div>\n\t\t<\/section>\n\t\t\t\t\t<\/div>\n\t\t<\/div>\n\t\t\t\t\t<\/div>\n\t\t<\/section>\n\t\t\t\t<section class=\"elementor-section elementor-top-section elementor-element elementor-element-2204a07 elementor-section-boxed elementor-section-height-default elementor-section-height-default elementor-invisible\" data-id=\"2204a07\" data-element_type=\"section\" data-settings=\"{&quot;background_background&quot;:&quot;gradient&quot;,&quot;animation&quot;:&quot;fadeIn&quot;}\">\n\t\t\t\t\t\t<div class=\"elementor-container elementor-column-gap-default\">\n\t\t\t\t\t<div class=\"elementor-column elementor-col-50 elementor-top-column elementor-element elementor-element-e5fe31d elementor-invisible\" data-id=\"e5fe31d\" data-element_type=\"column\" data-settings=\"{&quot;animation&quot;:&quot;fadeIn&quot;,&quot;animation_delay&quot;:200}\">\n\t\t\t<div class=\"elementor-widget-wrap elementor-element-populated\">\n\t\t\t\t\t\t<div class=\"elementor-element elementor-element-4dcd351 elementor-widget elementor-widget-image\" data-id=\"4dcd351\" data-element_type=\"widget\" data-widget_type=\"image.default\">\n\t\t\t\t<div class=\"elementor-widget-container\">\n\t\t\t<style>\/*! elementor - v3.21.0 - 20-05-2024 *\/\n.elementor-widget-image{text-align:center}.elementor-widget-image a{display:inline-block}.elementor-widget-image a img[src$=\".svg\"]{width:48px}.elementor-widget-image img{vertical-align:middle;display:inline-block}<\/style>\t\t\t\t\t\t\t\t\t\t<img fetchpriority=\"high\" decoding=\"async\" width=\"750\" height=\"563\" src=\"https:\/\/romanticbags.com\/wp-content\/uploads\/2024\/07\/flap-bag-1.jpg\" class=\"attachment-large size-large wp-image-10322\" alt=\"flap-bag-1\" srcset=\"https:\/\/romanticbags.com\/wp-content\/uploads\/2024\/07\/flap-bag-1.jpg 750w, https:\/\/romanticbags.com\/wp-content\/uploads\/2024\/07\/flap-bag-1-300x225.jpg 300w\" sizes=\"(max-width: 750px) 100vw, 750px\" \/>\t\t\t\t\t\t\t\t\t\t\t\t\t<\/div>\n\t\t\t\t<\/div>\n\t\t\t\t\t<\/div>\n\t\t<\/div>\n\t\t\t\t<div class=\"elementor-column elementor-col-50 elementor-top-column elementor-element elementor-element-fb1e04a elementor-invisible\" data-id=\"fb1e04a\" data-element_type=\"column\" data-settings=\"{&quot;animation&quot;:&quot;fadeIn&quot;,&quot;animation_delay&quot;:400}\">\n\t\t\t<div class=\"elementor-widget-wrap elementor-element-populated\">\n\t\t\t\t\t\t<div class=\"elementor-element elementor-element-a93b403 elementor-widget elementor-widget-heading\" data-id=\"a93b403\" data-element_type=\"widget\" data-widget_type=\"heading.default\">\n\t\t\t\t<div class=\"elementor-widget-container\">\n\t\t\t<h2 class=\"elementor-heading-title elementor-size-default\">Sacs \u00e0 rabat : \u00e9l\u00e9gance et sophistication intemporelles<\/h2>\t\t<\/div>\n\t\t\t\t<\/div>\n\t\t\t\t<div class=\"elementor-element elementor-element-f03a134 elementor-widget elementor-widget-text-editor\" data-id=\"f03a134\" data-element_type=\"widget\" data-widget_type=\"text-editor.default\">\n\t\t\t\t<div class=\"elementor-widget-container\">\n\t\t\t<style>\/*! elementor - v3.21.0 - 20-05-2024 *\/\n.elementor-widget-text-editor.elementor-drop-cap-view-stacked .elementor-drop-cap{background-color:#69727d;color:#fff}.elementor-widget-text-editor.elementor-drop-cap-view-framed .elementor-drop-cap{color:#69727d;border:3px solid;background-color:transparent}.elementor-widget-text-editor:not(.elementor-drop-cap-view-default) .elementor-drop-cap{margin-top:8px}.elementor-widget-text-editor:not(.elementor-drop-cap-view-default) .elementor-drop-cap-letter{width:1em;height:1em}.elementor-widget-text-editor .elementor-drop-cap{float:left;text-align:center;line-height:1;font-size:50px}.elementor-widget-text-editor .elementor-drop-cap-letter{display:inline-block}<\/style>\t\t\t\t<p>D\u00e9couvrez l&#039;\u00e9l\u00e9gance intemporelle et la sophistication de nos sacs \u00e0 rabat. Parfaitement con\u00e7us pour r\u00e9pondre aux go\u00fbts exigeants des femmes modernes, ces sacs offrent un m\u00e9lange de luxe et de fonctionnalit\u00e9. Avec une attention m\u00e9ticuleuse aux d\u00e9tails et des mat\u00e9riaux de haute qualit\u00e9, nos sacs \u00e0 rabat sont suffisamment polyvalents pour compl\u00e9ter n&#039;importe quelle tenue, passant facilement du jour au soir.<\/p>\t\t\t\t\t\t<\/div>\n\t\t\t\t<\/div>\n\t\t\t\t<div class=\"elementor-element elementor-element-7af9584 elementor-widget elementor-widget-button\" data-id=\"7af9584\" data-element_type=\"widget\" data-widget_type=\"button.default\">\n\t\t\t\t<div class=\"elementor-widget-container\">\n\t\t\t\t\t<div class=\"elementor-button-wrapper\">\n\t\t\t<a class=\"elementor-button elementor-button-link elementor-size-sm\" href=\"https:\/\/romanticbags.com\/fr\/contact\/\">\n\t\t\t\t\t\t<span class=\"elementor-button-content-wrapper\">\n\t\t\t\t\t\t\t\t\t<span class=\"elementor-button-text\">Contactez-nous<\/span>\n\t\t\t\t\t<\/span>\n\t\t\t\t\t<\/a>\n\t\t<\/div>\n\t\t\t\t<\/div>\n\t\t\t\t<\/div>\n\t\t\t\t\t<\/div>\n\t\t<\/div>\n\t\t\t\t\t<\/div>\n\t\t<\/section>\n\t\t\t\t<\/div>","protected":false},"excerpt":{"rendered":"<p>Blogs Sacs \u00e0 rabat : \u00e9l\u00e9gance et sophistication intemporelles D\u00e9couvrez l\u2019\u00e9l\u00e9gance et la sophistication intemporelles de nos sacs \u00e0 rabat. Parfaitement con\u00e7us pour r\u00e9pondre aux go\u00fbts exigeants des femmes modernes, ces sacs offrent un m\u00e9lange de luxe et de fonctionnalit\u00e9. Avec une attention m\u00e9ticuleuse aux d\u00e9tails et des mat\u00e9riaux de haute qualit\u00e9, nos sacs \u00e0 rabat sont suffisamment polyvalents pour compl\u00e9ter n\u2019importe quelle tenue, en passant par [\u2026]<\/p>","protected":false},"author":1,"featured_media":0,"parent":0,"menu_order":0,"comment_status":"closed","ping_status":"closed","template":"elementor_header_footer","meta":{"footnotes":""},"class_list":["post-10962","page","type-page","status-publish","hentry"],"yoast_head":"<!-- This site is optimized with the Yoast SEO plugin v23.0 - https:\/\/yoast.com\/wordpress\/plugins\/seo\/ -->\n<title>Blog - Romantic Bags LTD<\/title>\n<meta name=\"robots\" content=\"index, follow, max-snippet:-1, max-image-preview:large, max-video-preview:-1\" \/>\n<link rel=\"canonical\" href=\"https:\/\/romanticbags.com\/fr\/blog\/\" \/>\n<meta property=\"og:locale\" content=\"fr_FR\" \/>\n<meta property=\"og:type\" content=\"article\" \/>\n<meta property=\"og:title\" content=\"Blog - Romantic Bags LTD\" \/>\n<meta property=\"og:description\" content=\"Blogs Flap Bags: Timeless Elegance and Sophistication Discover the timeless elegance and sophistication of our flap bags. Perfectly crafted to meet the discerning tastes of modern women, these bags offer a blend of luxury and functionality. With meticulous attention to detail and high-quality materials, our flap bags are versatile enough to complement any outfit, transitioning [&hellip;]\" \/>\n<meta property=\"og:url\" content=\"https:\/\/romanticbags.com\/fr\/blog\/\" \/>\n<meta property=\"og:site_name\" content=\"Romantic Bags LTD\" \/>\n<meta property=\"article:modified_time\" content=\"2024-07-25T14:22:16+00:00\" \/>\n<meta property=\"og:image\" content=\"https:\/\/romanticbags.com\/wp-content\/uploads\/2024\/07\/flap-bag-1.jpg\" \/>\n<meta name=\"twitter:card\" content=\"summary_large_image\" \/>\n<meta name=\"twitter:label1\" content=\"Dur\u00e9e de lecture estim\u00e9e\" \/>\n\t<meta name=\"twitter:data1\" content=\"1 minute\" \/>\n<script type=\"application\/ld+json\" class=\"yoast-schema-graph\">{\"@context\":\"https:\/\/schema.org\",\"@graph\":[{\"@type\":\"WebPage\",\"@id\":\"https:\/\/romanticbags.com\/blog\/\",\"url\":\"https:\/\/romanticbags.com\/blog\/\",\"name\":\"Blog - Romantic Bags LTD\",\"isPartOf\":{\"@id\":\"https:\/\/romanticbags.com\/#website\"},\"primaryImageOfPage\":{\"@id\":\"https:\/\/romanticbags.com\/blog\/#primaryimage\"},\"image\":{\"@id\":\"https:\/\/romanticbags.com\/blog\/#primaryimage\"},\"thumbnailUrl\":\"https:\/\/romanticbags.com\/wp-content\/uploads\/2024\/07\/flap-bag-1.jpg\",\"datePublished\":\"2024-07-25T14:21:51+00:00\",\"dateModified\":\"2024-07-25T14:22:16+00:00\",\"breadcrumb\":{\"@id\":\"https:\/\/romanticbags.com\/blog\/#breadcrumb\"},\"inLanguage\":\"fr-FR\",\"potentialAction\":[{\"@type\":\"ReadAction\",\"target\":[\"https:\/\/romanticbags.com\/blog\/\"]}]},{\"@type\":\"ImageObject\",\"inLanguage\":\"fr-FR\",\"@id\":\"https:\/\/romanticbags.com\/blog\/#primaryimage\",\"url\":\"https:\/\/romanticbags.com\/wp-content\/uploads\/2024\/07\/flap-bag-1.jpg\",\"contentUrl\":\"https:\/\/romanticbags.com\/wp-content\/uploads\/2024\/07\/flap-bag-1.jpg\"},{\"@type\":\"BreadcrumbList\",\"@id\":\"https:\/\/romanticbags.com\/blog\/#breadcrumb\",\"itemListElement\":[{\"@type\":\"ListItem\",\"position\":1,\"name\":\"Home\",\"item\":\"https:\/\/romanticbags.com\/\"},{\"@type\":\"ListItem\",\"position\":2,\"name\":\"Blog\"}]},{\"@type\":\"WebSite\",\"@id\":\"https:\/\/romanticbags.com\/#website\",\"url\":\"https:\/\/romanticbags.com\/\",\"name\":\"ROMANTIC FOR BAGS\",\"description\":\"\",\"publisher\":{\"@id\":\"https:\/\/romanticbags.com\/#organization\"},\"potentialAction\":[{\"@type\":\"SearchAction\",\"target\":{\"@type\":\"EntryPoint\",\"urlTemplate\":\"https:\/\/romanticbags.com\/?s={search_term_string}\"},\"query-input\":\"required name=search_term_string\"}],\"inLanguage\":\"fr-FR\"},{\"@type\":\"Organization\",\"@id\":\"https:\/\/romanticbags.com\/#organization\",\"name\":\"Romantic CO LTD\",\"url\":\"https:\/\/romanticbags.com\/\",\"logo\":{\"@type\":\"ImageObject\",\"inLanguage\":\"fr-FR\",\"@id\":\"https:\/\/romanticbags.com\/#\/schema\/logo\/image\/\",\"url\":\"https:\/\/romanticbags.com\/wp-content\/uploads\/2024\/06\/ROMANTIC-CO-LTD-LOGO-1-1.png\",\"contentUrl\":\"https:\/\/romanticbags.com\/wp-content\/uploads\/2024\/06\/ROMANTIC-CO-LTD-LOGO-1-1.png\",\"width\":1268,\"height\":1280,\"caption\":\"Romantic CO LTD\"},\"image\":{\"@id\":\"https:\/\/romanticbags.com\/#\/schema\/logo\/image\/\"}}]}<\/script>\n<!-- \/ Yoast SEO plugin. -->","yoast_head_json":{"title":"Blog - Romantic Bags LTD","robots":{"index":"index","follow":"follow","max-snippet":"max-snippet:-1","max-image-preview":"max-image-preview:large","max-video-preview":"max-video-preview:-1"},"canonical":"https:\/\/romanticbags.com\/fr\/blog\/","og_locale":"fr_FR","og_type":"article","og_title":"Blog - Romantic Bags LTD","og_description":"Blogs Flap Bags: Timeless Elegance and Sophistication Discover the timeless elegance and sophistication of our flap bags. Perfectly crafted to meet the discerning tastes of modern women, these bags offer a blend of luxury and functionality. With meticulous attention to detail and high-quality materials, our flap bags are versatile enough to complement any outfit, transitioning [&hellip;]","og_url":"https:\/\/romanticbags.com\/fr\/blog\/","og_site_name":"Romantic Bags LTD","article_modified_time":"2024-07-25T14:22:16+00:00","og_image":[{"url":"https:\/\/romanticbags.com\/wp-content\/uploads\/2024\/07\/flap-bag-1.jpg"}],"twitter_card":"summary_large_image","twitter_misc":{"Dur\u00e9e de lecture estim\u00e9e":"1 minute"},"schema":{"@context":"https:\/\/schema.org","@graph":[{"@type":"WebPage","@id":"https:\/\/romanticbags.com\/blog\/","url":"https:\/\/romanticbags.com\/blog\/","name":"Blog - Romantic Bags LTD","isPartOf":{"@id":"https:\/\/romanticbags.com\/#website"},"primaryImageOfPage":{"@id":"https:\/\/romanticbags.com\/blog\/#primaryimage"},"image":{"@id":"https:\/\/romanticbags.com\/blog\/#primaryimage"},"thumbnailUrl":"https:\/\/romanticbags.com\/wp-content\/uploads\/2024\/07\/flap-bag-1.jpg","datePublished":"2024-07-25T14:21:51+00:00","dateModified":"2024-07-25T14:22:16+00:00","breadcrumb":{"@id":"https:\/\/romanticbags.com\/blog\/#breadcrumb"},"inLanguage":"fr-FR","potentialAction":[{"@type":"ReadAction","target":["https:\/\/romanticbags.com\/blog\/"]}]},{"@type":"ImageObject","inLanguage":"fr-FR","@id":"https:\/\/romanticbags.com\/blog\/#primaryimage","url":"https:\/\/romanticbags.com\/wp-content\/uploads\/2024\/07\/flap-bag-1.jpg","contentUrl":"https:\/\/romanticbags.com\/wp-content\/uploads\/2024\/07\/flap-bag-1.jpg"},{"@type":"BreadcrumbList","@id":"https:\/\/romanticbags.com\/blog\/#breadcrumb","itemListElement":[{"@type":"ListItem","position":1,"name":"Home","item":"https:\/\/romanticbags.com\/"},{"@type":"ListItem","position":2,"name":"Blog"}]},{"@type":"WebSite","@id":"https:\/\/romanticbags.com\/#website","url":"https:\/\/romanticbags.com\/","name":"ROMANTIC FOR BAGS","description":"","publisher":{"@id":"https:\/\/romanticbags.com\/#organization"},"potentialAction":[{"@type":"SearchAction","target":{"@type":"EntryPoint","urlTemplate":"https:\/\/romanticbags.com\/?s={search_term_string}"},"query-input":"required name=search_term_string"}],"inLanguage":"fr-FR"},{"@type":"Organization","@id":"https:\/\/romanticbags.com\/#organization","name":"Romantic CO LTD","url":"https:\/\/romanticbags.com\/","logo":{"@type":"ImageObject","inLanguage":"fr-FR","@id":"https:\/\/romanticbags.com\/#\/schema\/logo\/image\/","url":"https:\/\/romanticbags.com\/wp-content\/uploads\/2024\/06\/ROMANTIC-CO-LTD-LOGO-1-1.png","contentUrl":"https:\/\/romanticbags.com\/wp-content\/uploads\/2024\/06\/ROMANTIC-CO-LTD-LOGO-1-1.png","width":1268,"height":1280,"caption":"Romantic CO LTD"},"image":{"@id":"https:\/\/romanticbags.com\/#\/schema\/logo\/image\/"}}]}},"_links":{"self":[{"href":"https:\/\/romanticbags.com\/fr\/wp-json\/wp\/v2\/pages\/10962"}],"collection":[{"href":"https:\/\/romanticbags.com\/fr\/wp-json\/wp\/v2\/pages"}],"about":[{"href":"https:\/\/romanticbags.com\/fr\/wp-json\/wp\/v2\/types\/page"}],"author":[{"embeddable":true,"href":"https:\/\/romanticbags.com\/fr\/wp-json\/wp\/v2\/users\/1"}],"replies":[{"embeddable":true,"href":"https:\/\/romanticbags.com\/fr\/wp-json\/wp\/v2\/comments?post=10962"}],"version-history":[{"count":3,"href":"https:\/\/romanticbags.com\/fr\/wp-json\/wp\/v2\/pages\/10962\/revisions"}],"predecessor-version":[{"id":10965,"href":"https:\/\/romanticbags.com\/fr\/wp-json\/wp\/v2\/pages\/10962\/revisions\/10965"}],"wp:attachment":[{"href":"https:\/\/romanticbags.com\/fr\/wp-json\/wp\/v2\/media?parent=10962"}],"curies":[{"name":"wp","href":"https:\/\/api.w.org\/{rel}","templated":true}]}}