{"id":10616,"date":"2024-07-17T12:54:00","date_gmt":"2024-07-17T12:54:00","guid":{"rendered":"https:\/\/romanticbags.com\/?page_id=10616"},"modified":"2024-07-18T12:08:44","modified_gmt":"2024-07-18T12:08:44","slug":"about-us","status":"publish","type":"page","link":"https:\/\/romanticbags.com\/es\/about-us\/","title":{"rendered":"Sobre nosotros"},"content":{"rendered":"<div data-elementor-type=\"wp-page\" data-elementor-id=\"10616\" class=\"elementor elementor-10616\" data-elementor-post-type=\"page\">\n\t\t\t\t<div class=\"elementor-element elementor-element-4787dfa e-flex e-con-boxed e-con e-parent\" data-id=\"4787dfa\" data-element_type=\"container\" data-settings=\"{&quot;background_background&quot;:&quot;classic&quot;}\">\n\t\t\t\t\t<div class=\"e-con-inner\">\n\t\t<div class=\"elementor-element elementor-element-3ea8e12 e-con-full e-flex e-con e-child\" data-id=\"3ea8e12\" data-element_type=\"container\">\n\t\t\t\t<div class=\"elementor-element elementor-element-ebe03f2 elementor-widget elementor-widget-heading\" data-id=\"ebe03f2\" data-element_type=\"widget\" data-widget_type=\"heading.default\">\n\t\t\t\t<div class=\"elementor-widget-container\">\n\t\t\t<style>\/*! elementor - v3.21.0 - 20-05-2024 *\/\n.elementor-heading-title{padding:0;margin:0;line-height:1}.elementor-widget-heading .elementor-heading-title[class*=elementor-size-]>a{color:inherit;font-size:inherit;line-height:inherit}.elementor-widget-heading .elementor-heading-title.elementor-size-small{font-size:15px}.elementor-widget-heading .elementor-heading-title.elementor-size-medium{font-size:19px}.elementor-widget-heading .elementor-heading-title.elementor-size-large{font-size:29px}.elementor-widget-heading .elementor-heading-title.elementor-size-xl{font-size:39px}.elementor-widget-heading .elementor-heading-title.elementor-size-xxl{font-size:59px}<\/style><h1 class=\"elementor-heading-title elementor-size-default\">Sobre nosotros<\/h1>\t\t<\/div>\n\t\t\t\t<\/div>\n\t\t\t\t<div class=\"elementor-element elementor-element-1a84c19 elementor-widget elementor-widget-text-editor\" data-id=\"1a84c19\" data-element_type=\"widget\" data-widget_type=\"text-editor.default\">\n\t\t\t\t<div class=\"elementor-widget-container\">\n\t\t\t<style>\/*! elementor - v3.21.0 - 20-05-2024 *\/\n.elementor-widget-text-editor.elementor-drop-cap-view-stacked .elementor-drop-cap{background-color:#69727d;color:#fff}.elementor-widget-text-editor.elementor-drop-cap-view-framed .elementor-drop-cap{color:#69727d;border:3px solid;background-color:transparent}.elementor-widget-text-editor:not(.elementor-drop-cap-view-default) .elementor-drop-cap{margin-top:8px}.elementor-widget-text-editor:not(.elementor-drop-cap-view-default) .elementor-drop-cap-letter{width:1em;height:1em}.elementor-widget-text-editor .elementor-drop-cap{float:left;text-align:center;line-height:1;font-size:50px}.elementor-widget-text-editor .elementor-drop-cap-letter{display:inline-block}<\/style>\t\t\t\t<p>En ROMANTIC CO LTD, estamos comprometidos a ofrecer productos superiores y un servicio al cliente excepcional. Estamos orgullosos de nuestro trabajo y nos esforzamos por superar las expectativas de nuestros clientes en todos los sentidos. Conf\u00ede en nosotros para ofrecerle bolsos de cuero elegantes y sostenibles.<\/p><p>Ofrecemos una amplia gama de estilos y dise\u00f1os para todos los gustos y preferencias, desde lo cl\u00e1sico hasta lo contempor\u00e1neo. Ya sea que est\u00e9 buscando un bolso elegante y sofisticado o un bolso cruzado elegante y con estilo, tenemos la opci\u00f3n perfecta para usted.<\/p>\t\t\t\t\t\t<\/div>\n\t\t\t\t<\/div>\n\t\t\t\t<\/div>\n\t\t\t\t\t<\/div>\n\t\t\t\t<\/div>\n\t\t\t\t<section class=\"elementor-section elementor-top-section elementor-element elementor-element-2a656b2d elementor-section-boxed elementor-section-height-default elementor-section-height-default\" data-id=\"2a656b2d\" data-element_type=\"section\">\n\t\t\t\t\t\t<div class=\"elementor-container elementor-column-gap-default\">\n\t\t\t\t\t<div class=\"elementor-column elementor-col-50 elementor-top-column elementor-element elementor-element-31ec8af7 elementor-invisible\" data-id=\"31ec8af7\" data-element_type=\"column\" data-settings=\"{&quot;background_background&quot;:&quot;classic&quot;,&quot;animation&quot;:&quot;fadeIn&quot;}\">\n\t\t\t<div class=\"elementor-widget-wrap elementor-element-populated\">\n\t\t\t\t\t<div class=\"elementor-background-overlay\"><\/div>\n\t\t\t\t\t\t<div class=\"elementor-element elementor-element-72146e8a elementor-view-default elementor-widget elementor-widget-icon\" data-id=\"72146e8a\" data-element_type=\"widget\" data-widget_type=\"icon.default\">\n\t\t\t\t<div class=\"elementor-widget-container\">\n\t\t\t\t\t<div class=\"elementor-icon-wrapper\">\n\t\t\t<a class=\"elementor-icon\" href=\"#elementor-action:action=lightbox&settings=eyJ0eXBlIjoidmlkZW8iLCJ2aWRlb1R5cGUiOiJ5b3V0dWJlIiwidXJsIjoiaHR0cHM6XC9cL3d3dy55b3V0dWJlLmNvbVwvZW1iZWRcL1hIT21CVjRqc19FP2ZlYXR1cmU9b2VtYmVkIn0=\">\n\t\t\t<i aria-hidden=\"true\" class=\"icon icon-vplay\"><\/i>\t\t\t<\/a>\n\t\t<\/div>\n\t\t\t\t<\/div>\n\t\t\t\t<\/div>\n\t\t\t\t\t<\/div>\n\t\t<\/div>\n\t\t\t\t<div class=\"elementor-column elementor-col-50 elementor-top-column elementor-element elementor-element-1c3ed043 elementor-invisible\" data-id=\"1c3ed043\" data-element_type=\"column\" data-settings=\"{&quot;animation&quot;:&quot;fadeIn&quot;,&quot;animation_delay&quot;:200}\">\n\t\t\t<div class=\"elementor-widget-wrap elementor-element-populated\">\n\t\t\t\t\t\t<div class=\"elementor-element elementor-element-41c7fb9d elementor-widget elementor-widget-heading\" data-id=\"41c7fb9d\" data-element_type=\"widget\" data-widget_type=\"heading.default\">\n\t\t\t\t<div class=\"elementor-widget-container\">\n\t\t\t<h1 class=\"elementor-heading-title elementor-size-default\">Exquisitos bolsos de cuero y consulta de expertos en moda<\/h1>\t\t<\/div>\n\t\t\t\t<\/div>\n\t\t\t\t\t<\/div>\n\t\t<\/div>\n\t\t\t\t\t<\/div>\n\t\t<\/section>\n\t\t\t\t<section class=\"elementor-section elementor-top-section elementor-element elementor-element-5a24d9f8 elementor-section-boxed elementor-section-height-default elementor-section-height-default\" data-id=\"5a24d9f8\" data-element_type=\"section\">\n\t\t\t\t\t\t<div class=\"elementor-container elementor-column-gap-default\">\n\t\t\t\t\t<div class=\"elementor-column elementor-col-100 elementor-top-column elementor-element elementor-element-175509c5\" data-id=\"175509c5\" data-element_type=\"column\">\n\t\t\t<div class=\"elementor-widget-wrap elementor-element-populated\">\n\t\t\t\t\t\t<section class=\"elementor-section elementor-inner-section elementor-element elementor-element-574e7f62 elementor-section-boxed elementor-section-height-default elementor-section-height-default\" data-id=\"574e7f62\" data-element_type=\"section\">\n\t\t\t\t\t\t<div class=\"elementor-container elementor-column-gap-default\">\n\t\t\t\t\t<div class=\"elementor-column elementor-col-33 elementor-inner-column elementor-element elementor-element-6bcc8307 elementor-invisible\" data-id=\"6bcc8307\" data-element_type=\"column\" data-settings=\"{&quot;animation&quot;:&quot;fadeIn&quot;}\">\n\t\t\t<div class=\"elementor-widget-wrap elementor-element-populated\">\n\t\t\t\t\t\t<div class=\"elementor-element elementor-element-248b62e3 elementor-widget elementor-widget-heading\" data-id=\"248b62e3\" data-element_type=\"widget\" data-widget_type=\"heading.default\">\n\t\t\t\t<div class=\"elementor-widget-container\">\n\t\t\t<h1 class=\"elementor-heading-title elementor-size-default\">01<\/h1>\t\t<\/div>\n\t\t\t\t<\/div>\n\t\t\t\t<div class=\"elementor-element elementor-element-55b3125c elementor-widget elementor-widget-icon-box\" data-id=\"55b3125c\" data-element_type=\"widget\" data-widget_type=\"icon-box.default\">\n\t\t\t\t<div class=\"elementor-widget-container\">\n\t\t\t<link rel=\"stylesheet\" href=\"https:\/\/romanticbags.com\/wp-content\/plugins\/elementor\/assets\/css\/widget-icon-box.min.css\">\t\t<div class=\"elementor-icon-box-wrapper\">\n\n\t\t\t\n\t\t\t\t\t\t<div class=\"elementor-icon-box-content\">\n\n\t\t\t\t\t\t\t\t\t<h3 class=\"elementor-icon-box-title\">\n\t\t\t\t\t\t<span  >\n\t\t\t\t\t\t\tProductos de s\u00faper calidad\t\t\t\t\t\t<\/span>\n\t\t\t\t\t<\/h3>\n\t\t\t\t\n\t\t\t\t\t\t\t\t\t<p class=\"elementor-icon-box-description\">\n\t\t\t\t\t\tDescubra una artesan\u00eda excepcional y materiales de primera calidad en nuestros elegantes bolsos de cuero sostenibles&quot;.\n\n\n\n\t\t\t\t\t<\/p>\n\t\t\t\t\n\t\t\t<\/div>\n\t\t\t\n\t\t<\/div>\n\t\t\t\t<\/div>\n\t\t\t\t<\/div>\n\t\t\t\t\t<\/div>\n\t\t<\/div>\n\t\t\t\t<div class=\"elementor-column elementor-col-33 elementor-inner-column elementor-element elementor-element-6c32246d elementor-invisible\" data-id=\"6c32246d\" data-element_type=\"column\" data-settings=\"{&quot;animation&quot;:&quot;fadeIn&quot;,&quot;animation_delay&quot;:200}\">\n\t\t\t<div class=\"elementor-widget-wrap elementor-element-populated\">\n\t\t\t\t\t\t<div class=\"elementor-element elementor-element-3e92c730 elementor-widget elementor-widget-heading\" data-id=\"3e92c730\" data-element_type=\"widget\" data-widget_type=\"heading.default\">\n\t\t\t\t<div class=\"elementor-widget-container\">\n\t\t\t<h1 class=\"elementor-heading-title elementor-size-default\">02<\/h1>\t\t<\/div>\n\t\t\t\t<\/div>\n\t\t\t\t<div class=\"elementor-element elementor-element-7b8836da elementor-widget elementor-widget-icon-box\" data-id=\"7b8836da\" data-element_type=\"widget\" data-widget_type=\"icon-box.default\">\n\t\t\t\t<div class=\"elementor-widget-container\">\n\t\t\t\t\t<div class=\"elementor-icon-box-wrapper\">\n\n\t\t\t\n\t\t\t\t\t\t<div class=\"elementor-icon-box-content\">\n\n\t\t\t\t\t\t\t\t\t<h3 class=\"elementor-icon-box-title\">\n\t\t\t\t\t\t<span  >\n\t\t\t\t\t\t\tEstilo de moda profesional\t\t\t\t\t\t<\/span>\n\t\t\t\t\t<\/h3>\n\t\t\t\t\n\t\t\t\t\t\t\t\t\t<p class=\"elementor-icon-box-description\">\n\t\t\t\t\t\tEleva tu estilo con consejos de moda de expertos y accesorios de cuero atemporales adaptados a tu est\u00e9tica individual.\t\t\t\t\t<\/p>\n\t\t\t\t\n\t\t\t<\/div>\n\t\t\t\n\t\t<\/div>\n\t\t\t\t<\/div>\n\t\t\t\t<\/div>\n\t\t\t\t\t<\/div>\n\t\t<\/div>\n\t\t\t\t<div class=\"elementor-column elementor-col-33 elementor-inner-column elementor-element elementor-element-2cd8f4de elementor-invisible\" data-id=\"2cd8f4de\" data-element_type=\"column\" data-settings=\"{&quot;animation&quot;:&quot;fadeIn&quot;,&quot;animation_delay&quot;:400}\">\n\t\t\t<div class=\"elementor-widget-wrap elementor-element-populated\">\n\t\t\t\t\t\t<div class=\"elementor-element elementor-element-6ccc45b4 elementor-widget elementor-widget-heading\" data-id=\"6ccc45b4\" data-element_type=\"widget\" data-widget_type=\"heading.default\">\n\t\t\t\t<div class=\"elementor-widget-container\">\n\t\t\t<h1 class=\"elementor-heading-title elementor-size-default\">03<\/h1>\t\t<\/div>\n\t\t\t\t<\/div>\n\t\t\t\t<div class=\"elementor-element elementor-element-3e393c36 elementor-widget elementor-widget-icon-box\" data-id=\"3e393c36\" data-element_type=\"widget\" data-widget_type=\"icon-box.default\">\n\t\t\t\t<div class=\"elementor-widget-container\">\n\t\t\t\t\t<div class=\"elementor-icon-box-wrapper\">\n\n\t\t\t\n\t\t\t\t\t\t<div class=\"elementor-icon-box-content\">\n\n\t\t\t\t\t\t\t\t\t<h3 class=\"elementor-icon-box-title\">\n\t\t\t\t\t\t<span  >\n\t\t\t\t\t\t\tMuchos artistas de confianza\t\t\t\t\t\t<\/span>\n\t\t\t\t\t<\/h3>\n\t\t\t\t\n\t\t\t\t\t\t\t\t\t<p class=\"elementor-icon-box-description\">\n\t\t\t\t\t\tNuestros bolsos de cuero son la opci\u00f3n preferida de artistas y entusiastas de la moda de todo el mundo, apreciados por su calidad excepcional y estilo atemporal.\t\t\t\t\t<\/p>\n\t\t\t\t\n\t\t\t<\/div>\n\t\t\t\n\t\t<\/div>\n\t\t\t\t<\/div>\n\t\t\t\t<\/div>\n\t\t\t\t\t<\/div>\n\t\t<\/div>\n\t\t\t\t\t<\/div>\n\t\t<\/section>\n\t\t\t\t\t<\/div>\n\t\t<\/div>\n\t\t\t\t\t<\/div>\n\t\t<\/section>\n\t\t\t\t<section class=\"elementor-section elementor-top-section elementor-element elementor-element-6adc1c05 elementor-section-full_width elementor-section-height-default elementor-section-height-default elementor-invisible\" data-id=\"6adc1c05\" data-element_type=\"section\" data-settings=\"{&quot;background_background&quot;:&quot;gradient&quot;,&quot;animation&quot;:&quot;fadeIn&quot;}\">\n\t\t\t\t\t\t<div class=\"elementor-container elementor-column-gap-default\">\n\t\t\t\t\t<div class=\"elementor-column elementor-col-50 elementor-top-column elementor-element elementor-element-11bf9c60 elementor-invisible\" data-id=\"11bf9c60\" data-element_type=\"column\" data-settings=\"{&quot;animation&quot;:&quot;fadeIn&quot;,&quot;animation_delay&quot;:200}\">\n\t\t\t<div class=\"elementor-widget-wrap elementor-element-populated\">\n\t\t\t\t\t\t<div class=\"elementor-element elementor-element-2e83b684 elementor-widget elementor-widget-image\" data-id=\"2e83b684\" data-element_type=\"widget\" data-widget_type=\"image.default\">\n\t\t\t\t<div class=\"elementor-widget-container\">\n\t\t\t<style>\/*! elementor - v3.21.0 - 20-05-2024 *\/\n.elementor-widget-image{text-align:center}.elementor-widget-image a{display:inline-block}.elementor-widget-image a img[src$=\".svg\"]{width:48px}.elementor-widget-image img{vertical-align:middle;display:inline-block}<\/style>\t\t\t\t\t\t\t\t\t\t<img fetchpriority=\"high\" decoding=\"async\" width=\"1000\" height=\"1370\" src=\"https:\/\/romanticbags.com\/wp-content\/uploads\/2024\/07\/trendybags-tall.jpg\" class=\"attachment-full size-full wp-image-10383\" alt=\"\" srcset=\"https:\/\/romanticbags.com\/wp-content\/uploads\/2024\/07\/trendybags-tall.jpg 1000w, https:\/\/romanticbags.com\/wp-content\/uploads\/2024\/07\/trendybags-tall-219x300.jpg 219w, https:\/\/romanticbags.com\/wp-content\/uploads\/2024\/07\/trendybags-tall-747x1024.jpg 747w, https:\/\/romanticbags.com\/wp-content\/uploads\/2024\/07\/trendybags-tall-768x1052.jpg 768w\" sizes=\"(max-width: 1000px) 100vw, 1000px\" \/>\t\t\t\t\t\t\t\t\t\t\t\t\t<\/div>\n\t\t\t\t<\/div>\n\t\t\t\t\t<\/div>\n\t\t<\/div>\n\t\t\t\t<div class=\"elementor-column elementor-col-50 elementor-top-column elementor-element elementor-element-38d89d46 elementor-invisible\" data-id=\"38d89d46\" data-element_type=\"column\" data-settings=\"{&quot;animation&quot;:&quot;fadeIn&quot;,&quot;animation_delay&quot;:400}\">\n\t\t\t<div class=\"elementor-widget-wrap elementor-element-populated\">\n\t\t\t\t\t\t<div class=\"elementor-element elementor-element-b1fe090 elementor-widget elementor-widget-heading\" data-id=\"b1fe090\" data-element_type=\"widget\" data-widget_type=\"heading.default\">\n\t\t\t\t<div class=\"elementor-widget-container\">\n\t\t\t<h1 class=\"elementor-heading-title elementor-size-default\">Moda a medida solo para ti<\/h1>\t\t<\/div>\n\t\t\t\t<\/div>\n\t\t\t\t<div class=\"elementor-element elementor-element-669f6674 elementor-widget elementor-widget-text-editor\" data-id=\"669f6674\" data-element_type=\"widget\" data-widget_type=\"text-editor.default\">\n\t\t\t\t<div class=\"elementor-widget-container\">\n\t\t\t\t\t\t\t<p>Comun\u00edquese con nosotros para obtener bolsos de cuero personalizados que reflejen su estilo \u00fanico. Nuestro equipo de expertos est\u00e1 listo para ayudarle a encontrar o crear el accesorio perfecto. Cont\u00e1ctanos hoy para comenzar tu viaje en la moda.<\/p>\t\t\t\t\t\t<\/div>\n\t\t\t\t<\/div>\n\t\t\t\t<div class=\"elementor-element elementor-element-22d6f075 elementor-widget elementor-widget-button\" data-id=\"22d6f075\" data-element_type=\"widget\" data-widget_type=\"button.default\">\n\t\t\t\t<div class=\"elementor-widget-container\">\n\t\t\t\t\t<div class=\"elementor-button-wrapper\">\n\t\t\t<a class=\"elementor-button elementor-button-link elementor-size-sm\" href=\"https:\/\/romanticbags.com\/es\/contact-us\/\">\n\t\t\t\t\t\t<span class=\"elementor-button-content-wrapper\">\n\t\t\t\t\t\t\t\t\t<span class=\"elementor-button-text\">Cont\u00e1ctenos<\/span>\n\t\t\t\t\t<\/span>\n\t\t\t\t\t<\/a>\n\t\t<\/div>\n\t\t\t\t<\/div>\n\t\t\t\t<\/div>\n\t\t\t\t\t<\/div>\n\t\t<\/div>\n\t\t\t\t\t<\/div>\n\t\t<\/section>\n\t\t\t\t<\/div>","protected":false},"excerpt":{"rendered":"<p>Acerca de nosotros En ROMANTIC CO LTD, nos comprometemos a ofrecer productos superiores y un servicio al cliente excepcional. Nos enorgullecemos de nuestro trabajo y nos esforzamos por superar las expectativas de nuestros clientes en todos los sentidos. Conf\u00ede en nosotros para ofrecerle bolsos de cuero elegantes y sostenibles. Ofrecemos una amplia gama de estilos y dise\u00f1os que se adaptan a sus necesidades [\u2026]<\/p>","protected":false},"author":1,"featured_media":0,"parent":0,"menu_order":0,"comment_status":"closed","ping_status":"closed","template":"elementor_header_footer","meta":{"footnotes":""},"class_list":["post-10616","page","type-page","status-publish","hentry"],"yoast_head":"<!-- This site is optimized with the Yoast SEO plugin v23.0 - https:\/\/yoast.com\/wordpress\/plugins\/seo\/ -->\n<title>About Us - Romantic Bags LTD<\/title>\n<meta name=\"robots\" content=\"index, follow, max-snippet:-1, max-image-preview:large, max-video-preview:-1\" \/>\n<link rel=\"canonical\" href=\"https:\/\/romanticbags.com\/es\/about-us\/\" \/>\n<meta property=\"og:locale\" content=\"es_ES\" \/>\n<meta property=\"og:type\" content=\"article\" \/>\n<meta property=\"og:title\" content=\"About Us - Romantic Bags LTD\" \/>\n<meta property=\"og:description\" content=\"About Us At ROMANTIC CO LTD, we are committed to delivering superior products and exceptional customer service. We take pride in our work and strive to exceed our customers expectations in every way. Trust us to provide you with stylish and sustainable leather bags. We offer a wide range of styles and designs to suit [&hellip;]\" \/>\n<meta property=\"og:url\" content=\"https:\/\/romanticbags.com\/es\/about-us\/\" \/>\n<meta property=\"og:site_name\" content=\"Romantic Bags LTD\" \/>\n<meta property=\"article:modified_time\" content=\"2024-07-18T12:08:44+00:00\" \/>\n<meta property=\"og:image\" content=\"https:\/\/romanticbags.com\/wp-content\/uploads\/2024\/07\/trendybags-tall.jpg\" \/>\n<meta name=\"twitter:card\" content=\"summary_large_image\" \/>\n<meta name=\"twitter:label1\" content=\"Tiempo de lectura\" \/>\n\t<meta name=\"twitter:data1\" content=\"1 minuto\" \/>\n<script type=\"application\/ld+json\" class=\"yoast-schema-graph\">{\"@context\":\"https:\/\/schema.org\",\"@graph\":[{\"@type\":\"WebPage\",\"@id\":\"https:\/\/romanticbags.com\/about-us\/\",\"url\":\"https:\/\/romanticbags.com\/about-us\/\",\"name\":\"About Us - Romantic Bags LTD\",\"isPartOf\":{\"@id\":\"https:\/\/romanticbags.com\/#website\"},\"primaryImageOfPage\":{\"@id\":\"https:\/\/romanticbags.com\/about-us\/#primaryimage\"},\"image\":{\"@id\":\"https:\/\/romanticbags.com\/about-us\/#primaryimage\"},\"thumbnailUrl\":\"https:\/\/romanticbags.com\/wp-content\/uploads\/2024\/07\/trendybags-tall.jpg\",\"datePublished\":\"2024-07-17T12:54:00+00:00\",\"dateModified\":\"2024-07-18T12:08:44+00:00\",\"breadcrumb\":{\"@id\":\"https:\/\/romanticbags.com\/about-us\/#breadcrumb\"},\"inLanguage\":\"es\",\"potentialAction\":[{\"@type\":\"ReadAction\",\"target\":[\"https:\/\/romanticbags.com\/about-us\/\"]}]},{\"@type\":\"ImageObject\",\"inLanguage\":\"es\",\"@id\":\"https:\/\/romanticbags.com\/about-us\/#primaryimage\",\"url\":\"https:\/\/romanticbags.com\/wp-content\/uploads\/2024\/07\/trendybags-tall.jpg\",\"contentUrl\":\"https:\/\/romanticbags.com\/wp-content\/uploads\/2024\/07\/trendybags-tall.jpg\"},{\"@type\":\"BreadcrumbList\",\"@id\":\"https:\/\/romanticbags.com\/about-us\/#breadcrumb\",\"itemListElement\":[{\"@type\":\"ListItem\",\"position\":1,\"name\":\"Home\",\"item\":\"https:\/\/romanticbags.com\/\"},{\"@type\":\"ListItem\",\"position\":2,\"name\":\"About Us\"}]},{\"@type\":\"WebSite\",\"@id\":\"https:\/\/romanticbags.com\/#website\",\"url\":\"https:\/\/romanticbags.com\/\",\"name\":\"ROMANTIC FOR BAGS\",\"description\":\"\",\"publisher\":{\"@id\":\"https:\/\/romanticbags.com\/#organization\"},\"potentialAction\":[{\"@type\":\"SearchAction\",\"target\":{\"@type\":\"EntryPoint\",\"urlTemplate\":\"https:\/\/romanticbags.com\/?s={search_term_string}\"},\"query-input\":\"required name=search_term_string\"}],\"inLanguage\":\"es\"},{\"@type\":\"Organization\",\"@id\":\"https:\/\/romanticbags.com\/#organization\",\"name\":\"Romantic CO LTD\",\"url\":\"https:\/\/romanticbags.com\/\",\"logo\":{\"@type\":\"ImageObject\",\"inLanguage\":\"es\",\"@id\":\"https:\/\/romanticbags.com\/#\/schema\/logo\/image\/\",\"url\":\"https:\/\/romanticbags.com\/wp-content\/uploads\/2024\/06\/ROMANTIC-CO-LTD-LOGO-1-1.png\",\"contentUrl\":\"https:\/\/romanticbags.com\/wp-content\/uploads\/2024\/06\/ROMANTIC-CO-LTD-LOGO-1-1.png\",\"width\":1268,\"height\":1280,\"caption\":\"Romantic CO LTD\"},\"image\":{\"@id\":\"https:\/\/romanticbags.com\/#\/schema\/logo\/image\/\"}}]}<\/script>\n<!-- \/ Yoast SEO plugin. -->","yoast_head_json":{"title":"About Us - Romantic Bags LTD","robots":{"index":"index","follow":"follow","max-snippet":"max-snippet:-1","max-image-preview":"max-image-preview:large","max-video-preview":"max-video-preview:-1"},"canonical":"https:\/\/romanticbags.com\/es\/about-us\/","og_locale":"es_ES","og_type":"article","og_title":"About Us - Romantic Bags LTD","og_description":"About Us At ROMANTIC CO LTD, we are committed to delivering superior products and exceptional customer service. We take pride in our work and strive to exceed our customers expectations in every way. Trust us to provide you with stylish and sustainable leather bags. We offer a wide range of styles and designs to suit [&hellip;]","og_url":"https:\/\/romanticbags.com\/es\/about-us\/","og_site_name":"Romantic Bags LTD","article_modified_time":"2024-07-18T12:08:44+00:00","og_image":[{"url":"https:\/\/romanticbags.com\/wp-content\/uploads\/2024\/07\/trendybags-tall.jpg"}],"twitter_card":"summary_large_image","twitter_misc":{"Tiempo de lectura":"1 minuto"},"schema":{"@context":"https:\/\/schema.org","@graph":[{"@type":"WebPage","@id":"https:\/\/romanticbags.com\/about-us\/","url":"https:\/\/romanticbags.com\/about-us\/","name":"About Us - Romantic Bags LTD","isPartOf":{"@id":"https:\/\/romanticbags.com\/#website"},"primaryImageOfPage":{"@id":"https:\/\/romanticbags.com\/about-us\/#primaryimage"},"image":{"@id":"https:\/\/romanticbags.com\/about-us\/#primaryimage"},"thumbnailUrl":"https:\/\/romanticbags.com\/wp-content\/uploads\/2024\/07\/trendybags-tall.jpg","datePublished":"2024-07-17T12:54:00+00:00","dateModified":"2024-07-18T12:08:44+00:00","breadcrumb":{"@id":"https:\/\/romanticbags.com\/about-us\/#breadcrumb"},"inLanguage":"es","potentialAction":[{"@type":"ReadAction","target":["https:\/\/romanticbags.com\/about-us\/"]}]},{"@type":"ImageObject","inLanguage":"es","@id":"https:\/\/romanticbags.com\/about-us\/#primaryimage","url":"https:\/\/romanticbags.com\/wp-content\/uploads\/2024\/07\/trendybags-tall.jpg","contentUrl":"https:\/\/romanticbags.com\/wp-content\/uploads\/2024\/07\/trendybags-tall.jpg"},{"@type":"BreadcrumbList","@id":"https:\/\/romanticbags.com\/about-us\/#breadcrumb","itemListElement":[{"@type":"ListItem","position":1,"name":"Home","item":"https:\/\/romanticbags.com\/"},{"@type":"ListItem","position":2,"name":"About Us"}]},{"@type":"WebSite","@id":"https:\/\/romanticbags.com\/#website","url":"https:\/\/romanticbags.com\/","name":"ROMANTIC FOR BAGS","description":"","publisher":{"@id":"https:\/\/romanticbags.com\/#organization"},"potentialAction":[{"@type":"SearchAction","target":{"@type":"EntryPoint","urlTemplate":"https:\/\/romanticbags.com\/?s={search_term_string}"},"query-input":"required name=search_term_string"}],"inLanguage":"es"},{"@type":"Organization","@id":"https:\/\/romanticbags.com\/#organization","name":"Romantic CO LTD","url":"https:\/\/romanticbags.com\/","logo":{"@type":"ImageObject","inLanguage":"es","@id":"https:\/\/romanticbags.com\/#\/schema\/logo\/image\/","url":"https:\/\/romanticbags.com\/wp-content\/uploads\/2024\/06\/ROMANTIC-CO-LTD-LOGO-1-1.png","contentUrl":"https:\/\/romanticbags.com\/wp-content\/uploads\/2024\/06\/ROMANTIC-CO-LTD-LOGO-1-1.png","width":1268,"height":1280,"caption":"Romantic CO LTD"},"image":{"@id":"https:\/\/romanticbags.com\/#\/schema\/logo\/image\/"}}]}},"_links":{"self":[{"href":"https:\/\/romanticbags.com\/es\/wp-json\/wp\/v2\/pages\/10616"}],"collection":[{"href":"https:\/\/romanticbags.com\/es\/wp-json\/wp\/v2\/pages"}],"about":[{"href":"https:\/\/romanticbags.com\/es\/wp-json\/wp\/v2\/types\/page"}],"author":[{"embeddable":true,"href":"https:\/\/romanticbags.com\/es\/wp-json\/wp\/v2\/users\/1"}],"replies":[{"embeddable":true,"href":"https:\/\/romanticbags.com\/es\/wp-json\/wp\/v2\/comments?post=10616"}],"version-history":[{"count":116,"href":"https:\/\/romanticbags.com\/es\/wp-json\/wp\/v2\/pages\/10616\/revisions"}],"predecessor-version":[{"id":11112,"href":"https:\/\/romanticbags.com\/es\/wp-json\/wp\/v2\/pages\/10616\/revisions\/11112"}],"wp:attachment":[{"href":"https:\/\/romanticbags.com\/es\/wp-json\/wp\/v2\/media?parent=10616"}],"curies":[{"name":"wp","href":"https:\/\/api.w.org\/{rel}","templated":true}]}}